{"id":54,"date":"2015-10-18T15:14:22","date_gmt":"2015-10-18T15:14:22","guid":{"rendered":"http:\/\/blumenau-gesellschaft.org\/?page_id=54"},"modified":"2016-04-06T17:09:49","modified_gmt":"2016-04-06T17:09:49","slug":"links","status":"publish","type":"page","link":"https:\/\/blumenau-gesellschaft.org\/?page_id=54","title":{"rendered":"<font color=\"#00961C\">Links<font>"},"content":{"rendered":"<p><strong>Under Construction<\/strong><\/p>\n<p>Die von der Vorg\u00e4nger-Internetseite der Blumenau-Gesellschaft \u00fcbernommenen weiterf\u00fchrenden Links werden derzeit auf Aktualit\u00e4t \u00fcberpr\u00fcft und stellen nicht den letzten Stand dar.<\/p>\n<p><a href=\"http:\/\/www.topicos.de\/\"><span style=\"color: #00961c;\">Deutsch-Brasilianische Gesellschaft e.V.<\/span><\/a><\/p>\n<p><a href=\"http:\/\/www.regionalmuseum-wolfhagen.de\/\"><span style=\"color: #00961c;\">Regionalmuseum Wolfhagen<\/span><\/a><\/p>\n<p><a href=\"http:\/\/www.martiusstaden.org.br\"><span style=\"color: #00961c;\">Martius Staden Institut Sao Paolo<\/span><\/a><\/p>\n<p><a href=\"http:\/\/www.brasilianische-botschaft.de\/\"><span style=\"color: #00961c;\">Brasilianische Botschaft Berlin<\/span><\/a><\/p>\n<p><a href=\"http:\/\/www.arge-brasilien.de\/\"><span style=\"color: #00961c;\">ArGe Brasilien (Philatelie)<\/span><\/a><\/p>\n<p><a href=\"http:\/\/www.brasilien.de\/\"><span style=\"color: #00961c;\">Brasilien<\/span><\/a><\/p>\n","protected":false},"excerpt":{"rendered":"<p>Under Construction Die von der Vorg\u00e4nger-Internetseite der Blumenau-Gesellschaft \u00fcbernommenen weiterf\u00fchrenden Links werden derzeit auf Aktualit\u00e4t \u00fcberpr\u00fcft und stellen nicht den letzten Stand dar. Deutsch-Brasilianische Gesellschaft e.V. Regionalmuseum Wolfhagen Martius Staden Institut Sao Paolo Brasilianische Botschaft Berlin ArGe Brasilien (Philatelie) Brasilien<\/p>\n","protected":false},"author":1,"featured_media":0,"parent":0,"menu_order":0,"comment_status":"closed","ping_status":"closed","template":"","meta":{"footnotes":""},"class_list":["post-54","page","type-page","status-publish","hentry"],"_links":{"self":[{"href":"https:\/\/blumenau-gesellschaft.org\/index.php?rest_route=\/wp\/v2\/pages\/54","targetHints":{"allow":["GET"]}}],"collection":[{"href":"https:\/\/blumenau-gesellschaft.org\/index.php?rest_route=\/wp\/v2\/pages"}],"about":[{"href":"https:\/\/blumenau-gesellschaft.org\/index.php?rest_route=\/wp\/v2\/types\/page"}],"author":[{"embeddable":true,"href":"https:\/\/blumenau-gesellschaft.org\/index.php?rest_route=\/wp\/v2\/users\/1"}],"replies":[{"embeddable":true,"href":"https:\/\/blumenau-gesellschaft.org\/index.php?rest_route=%2Fwp%2Fv2%2Fcomments&post=54"}],"version-history":[{"count":6,"href":"https:\/\/blumenau-gesellschaft.org\/index.php?rest_route=\/wp\/v2\/pages\/54\/revisions"}],"predecessor-version":[{"id":718,"href":"https:\/\/blumenau-gesellschaft.org\/index.php?rest_route=\/wp\/v2\/pages\/54\/revisions\/718"}],"wp:attachment":[{"href":"https:\/\/blumenau-gesellschaft.org\/index.php?rest_route=%2Fwp%2Fv2%2Fmedia&parent=54"}],"curies":[{"name":"wp","href":"https:\/\/api.w.org\/{rel}","templated":true}]}}