{"id":4,"date":"2015-10-18T10:47:59","date_gmt":"2015-10-18T10:47:59","guid":{"rendered":"http:\/\/blumenau-gesellschaft.org\/?page_id=4"},"modified":"2025-10-02T13:49:51","modified_gmt":"2025-10-02T13:49:51","slug":"startseite","status":"publish","type":"page","link":"https:\/\/blumenau-gesellschaft.org\/","title":{"rendered":"<font color=\"#00961C\">Startseite<\/font>"},"content":{"rendered":"<p>Sehr geehrte Besucherinnen und Besucher dieser Webseite,<\/p>\n<p>vielen Dank, dass Sie sich f\u00fcr unsere Gesellschaft und die deutsch-brasilianischen Beziehungen interessieren. Sicher haben Sie schon bemerkt, dass die Inhalte der Seite nicht mehr auf dem neuesten Stand sind. Die Erkl\u00e4rung daf\u00fcr liest sich im Protokoll der Mitgliederversammlung unserer Gesellschaft vom 30. November 2022 so: \u201eNach 30 Jahren aktiver Vereinsarbeit mit zeitweise \u00fcber 120 Mitgliedern m\u00fcssen wir die Gesellschaft im Dezember 2022 mangels Nachfolge im Vorsitz und stark sinkender Mitgliedschaft als selbst\u00e4ndigen, gemeinn\u00fctzigen Verein schlie\u00dfen.\u201c<\/p>\n<p>Diese Entscheidung war f\u00fcr uns schmerzhaft, aber unumg\u00e4nglich. R\u00fcckblickend k\u00f6nnen wir sagen: Wir haben viel erreicht f\u00fcr die Pflege des Erbes von Dr. Hermann Blumenau, meinem Urgro\u00dfvater, mit vielen Kontakten und Begegnungen f\u00fcr die deutsch-brasilianischen Beziehungen.<\/p>\n<p><strong>Mein Dank gilt unserem Vorstand, den engagierten Mitgliedern und insbesondere den Hasselfeldern mit ihrem unerm\u00fcdlichen Einsatz. <\/strong><\/p>\n<p><strong>Muito Obrigado!<\/strong><\/p>\n<p>Gern erinnere ich mich daran, dass mein Mann und ich unmittelbar nach der Wende, aus dem Westen kommend, herzlich in Hasselfelde im Ostharz aufgenommen wurden. Mit viel Freude und zu meiner \u00dcberraschung konnte ich erfahren, dass bereits zu DDR-Zeiten das Erbe meines Urgro\u00dfvaters gepflegt wurde. Kontakte nach Blumenau in Santa Catarina bestanden unter anderem \u00fcber einen regen Schriftverkehr zwischen dem Rathaus in Blumenau mit \u201eStadtschreiber\u201c Alfredo Wilhelm und Hasselfelde. Der Blumenauer B\u00fcrgermeister besuchte Hasselfelde, sp\u00e4ter weilte auch eine Delegation aus Hasselfelde in Blumenau.<\/p>\n<p>Zur\u00fcck zur letzten Mitgliederversammlung des Vereins Ende 2022: Ein Sprichwort besagt \u201eWo sich eine T\u00fcr schlie\u00dft, \u00f6ffnet sich eine neue\u201c. So wurde auf dieser Mitgliederversammlung beschlossen, die Ziele und Aktivit\u00e4ten der Blumenau-Gesellschaft e.V. in ver\u00e4nderter Form <strong>im Rahmen des Wirtschafts- und WissenschaftsZentrums Brasilien \u2013 Deutschland e.V. (WWZ-BD) fortzuf\u00fchren<\/strong>, dessen Pr\u00e4sidentin ich seit vielen Jahren bin. Wir haben im WWZ-BD extra einen Vorstandsposten f\u00fcr einen Vertreter der vormaligen Blumenau-Gesellschaft e.V. geschaffen. Ferner geh\u00f6rt auch dazu der Fortbestand und die Modernisierung des Blumenau Museums in der Harzgemeinde Hasselfelde, dem Geburtsort meines Urgro\u00dfvaters Dr. Hermann Blumenau. Hasselfelde geh\u00f6rt heute zur Stadt Oberharz am Brocken.<\/p>\n<p>Res\u00fcmierend kann ich dankbar feststellen, dass unsere 30-j\u00e4hrige, vielf\u00e4ltige und engagierte Arbeit zum Wohl der bilateralen Beziehungen zwischen Deutschland und Brasilien damit seine kontinuierliche Fortsetzung findet. Das historisches Erbe \u201emeines Alten\u201c bleibt ebenso erhalten wie das Blumenau-Museum in Hasselfelde.<\/p>\n<p>Seit Juli 2023 gibt es nun eine weitere Plattform, die sich Ausbau und Vertiefung der deutsch-brasilianischen Beziehungen verschrieben hat: die <strong>Blumenau-Niesel-Stiftung<\/strong> mit Sitz in Erlangen und Berlin. Dies ist eine Stiftung an der Friedrich-Alexander-Universit\u00e4t Erlangen-N\u00fcrnberg (FAU), die zu Ehren des Lebenswerks von Dr. Hermann Blumenau, seiner Nachfahren und weiteren herausragenden Pers\u00f6nlichkeiten seines Umfelds \u2013 wie Alexander von Humboldt, Carl Friedrich Philipp von Martius, Fritz M\u00fcller, Dr. Johann Bartholom\u00e4us Trommsdorff und anderen \u2013 gegr\u00fcndet wurde. Die Blumenau-Niesel-Stiftung hat sich die F\u00f6rderung von deutsch-brasilianischen Projekten in Wissenschaft, Forschung und Bildung sowie die St\u00e4rkung der internationalen Zusammenarbeit zum Ziel gesetzt.<\/p>\n<p>Das WWZ-BD und die Stiftung verf\u00fcgen beide \u00fcber aktuelle Webseiten, zu deren Besuch ich Sie gern einlade: Klicken Sie einfach auf <a href=\"http:\/\/www.wwz-bd.de\">www.wwz-bd.de<\/a> oder <a href=\"http:\/\/www.blumenau-niesel-stiftung.de\">www.blumenau-niesel-stiftung.de<\/a>.<\/p>\n<p>Nat\u00fcrlich k\u00f6nnen Sie auch weiterhin auf der bisherigen Webseite der Blumenau-Gesellschaft st\u00f6bern. Dort werden Sie so manch interessante Information \u00fcber Blumenau und die deutsche Einwanderung nach Brasilien finden.<\/p>\n<p>Entdecken Sie also sowohl die neuen als auch vergangenen Kapitel der deutsch-brasilianischen Beziehungen. Wenn Sie sich dann entscheiden sollten, zu deren Fortsetzung einen eigenen Beitrag leisten zu wollen, w\u00fcrde es mich freuen.<\/p>\n<p>Alles Gute f\u00fcr Sie!<\/p>\n<p>Ihre<\/p>\n<p>Jutta Blumenau-Niesel<\/p>\n<p><img loading=\"lazy\" decoding=\"async\" class=\"alignnone  wp-image-1027\" style=\"font-size: 12px;\" src=\"http:\/\/blumenau-gesellschaft.org\/wp-content\/uploads\/2015\/10\/Portrait-417x640.jpg\" alt=\"\" width=\"245\" height=\"376\" srcset=\"https:\/\/blumenau-gesellschaft.org\/wp-content\/uploads\/2015\/10\/Portrait-417x640.jpg 417w, https:\/\/blumenau-gesellschaft.org\/wp-content\/uploads\/2015\/10\/Portrait-417x640-195x300.jpg 195w\" sizes=\"auto, (max-width: 245px) 100vw, 245px\" \/><\/p>\n<p>Bad Harzburg, im September 2025<\/p>\n","protected":false},"excerpt":{"rendered":"<p>Sehr geehrte Besucherinnen und Besucher dieser Webseite, vielen Dank, dass Sie sich f\u00fcr unsere Gesellschaft und die deutsch-brasilianischen Beziehungen interessieren. Sicher haben Sie schon bemerkt, dass die Inhalte der Seite nicht mehr auf dem neuesten Stand sind. Die Erkl\u00e4rung daf\u00fcr &hellip; <a href=\"https:\/\/blumenau-gesellschaft.org\/\">Weiterlesen <span class=\"meta-nav\">&rarr;<\/span><\/a><\/p>\n","protected":false},"author":1,"featured_media":0,"parent":0,"menu_order":0,"comment_status":"closed","ping_status":"closed","template":"","meta":{"footnotes":""},"class_list":["post-4","page","type-page","status-publish","hentry"],"_links":{"self":[{"href":"https:\/\/blumenau-gesellschaft.org\/index.php?rest_route=\/wp\/v2\/pages\/4","targetHints":{"allow":["GET"]}}],"collection":[{"href":"https:\/\/blumenau-gesellschaft.org\/index.php?rest_route=\/wp\/v2\/pages"}],"about":[{"href":"https:\/\/blumenau-gesellschaft.org\/index.php?rest_route=\/wp\/v2\/types\/page"}],"author":[{"embeddable":true,"href":"https:\/\/blumenau-gesellschaft.org\/index.php?rest_route=\/wp\/v2\/users\/1"}],"replies":[{"embeddable":true,"href":"https:\/\/blumenau-gesellschaft.org\/index.php?rest_route=%2Fwp%2Fv2%2Fcomments&post=4"}],"version-history":[{"count":23,"href":"https:\/\/blumenau-gesellschaft.org\/index.php?rest_route=\/wp\/v2\/pages\/4\/revisions"}],"predecessor-version":[{"id":1161,"href":"https:\/\/blumenau-gesellschaft.org\/index.php?rest_route=\/wp\/v2\/pages\/4\/revisions\/1161"}],"wp:attachment":[{"href":"https:\/\/blumenau-gesellschaft.org\/index.php?rest_route=%2Fwp%2Fv2%2Fmedia&parent=4"}],"curies":[{"name":"wp","href":"https:\/\/api.w.org\/{rel}","templated":true}]}}