{"id":39,"date":"2015-10-18T15:11:29","date_gmt":"2015-10-18T15:11:29","guid":{"rendered":"http:\/\/blumenau-gesellschaft.org\/?page_id=39"},"modified":"2017-12-31T14:02:46","modified_gmt":"2017-12-31T14:02:46","slug":"verein","status":"publish","type":"page","link":"https:\/\/blumenau-gesellschaft.org\/?page_id=39","title":{"rendered":"<font color=\"#00961C\">Verein<\/font>"},"content":{"rendered":"<p><strong>Die Blumenau-Gesellschaft gemeinn\u00fctziger eingestragener Verein (e.V.)<\/strong><\/p>\n<p><strong>Gr\u00fcndung:<u> <\/u><\/strong><\/p>\n<ol start=\"5\">\n<li>9. 1992 in Hasselfelde\/Harz (Geburtsort von Hermann Blumenau)<\/li>\n<\/ol>\n<p>als F\u00f6rderverein Blumenau gemeinn\u00fctziger e.V.,<\/p>\n<p>sp\u00e4ter Blumenau-Gesellschaft gemeinn\u00fctziger e.V.<\/p>\n<p>Vorsitzende: Jutta Blumenau-Niesel, Berlin<\/p>\n<p><strong>Selbstverst\u00e4ndnis: <\/strong><\/p>\n<p>Informationen zur Geschichte der deutschen Auswanderung nach Brasilien speziell im 19. Jahrhundert<\/p>\n<p><strong>Kontakte, Zusammenarbeit:<\/strong><\/p>\n<p>Brasilianische Botschaft, Berlin<\/p>\n<p>Deutsch-Brasilianische Gesellschaft e.V., (DBG) Bonn\/Berlin, als korporatives Mitglied (die Vorsitzende ist Mitglied des Kuratoriums)<\/p>\n<p>Landesheimatbund Sachsen-Anhalt e.V., (LHBSA) Magdeburg (als Mitglied)<\/p>\n<p>Arbeitsgemeinschaft Brasilien im Bund Deutscher Philatelisten e.V. (ArGe Brasilien)<\/p>\n<p>Lateinamerikaforum e.V. (LAF), Berlin<\/p>\n<p>Wirtschafts- und WissenschaftsZentrum, Brasilien-Deutschland, (WWZ), Berlin<\/p>\n<p>(die Vorsitzende ist Pr\u00e4sidentin)<\/p>\n<p>Instituto Martius Staden, S\u00e3o Paulo<\/p>\n<p>Instituto Hist\u00f3rico, Blumenau SC<\/p>\n<p>&nbsp;<\/p>\n<p><strong>Blumenau-Museum in Hasselfelde\/Harz <\/strong><\/p>\n<p>Bilder, Dokumente, Gegenst\u00e4nde aus der Kolonie<\/p>\n<p>Indianerwaffen, Gebrauchsobjekte, Schmuck, Tierpr\u00e4parate<\/p>\n<p>Ton- und Filmbeispiele zur Geschichte der deutschen Auswanderung nach Brasilien<\/p>\n<p>&nbsp;<\/p>\n<p><strong>Wanderausstellung*\u00a0\u00a0 <\/strong><\/p>\n<p><em>Beispiel Blumenau \u2013 Deutsche Auswanderung nach Brasilien<\/em><\/p>\n<p>Im wesentlichen geben 12 Aufsteller-Tafeln die Inhalte des Blumenau-Museums wider<\/p>\n<p>&nbsp;<\/p>\n<p><strong>Dokumentarfilme<\/strong><\/p>\n<p><em>Begegnung mit Blumenau\u00a0 (2009) <\/em><\/p>\n<p>von Peter Hartmann (\u2020), Braunschweig; bietet Einblicke in Leben und Werk Hermann Blumenaus, zeigt Land und Leute gestern und heute und Szenen aus der Arbeit des Vorstands<\/p>\n<p><em>Blumenau\u00a0 Made in Germany (1999)<\/em><\/p>\n<p>Auf den Spuren des Gr\u00fcnders einer brasilianischen Stadt<\/p>\n<p>TV-Dokumentarfilm von A JOUR Film- &amp; Fernsehproduktion GmbH<\/p>\n<p>im Auftrag des MDR<\/p>\n<p><em>Ra\u00edzes de Blumenau\u00b4<\/em><\/p>\n<p>JecLac-Produktion, Blumenau SC<\/p>\n<p>&nbsp;<\/p>\n<p>Weitere Dokumentationen in Funk und Fernsehen spez. \u2018Deutsches Jahr in Brasilien 2013\/2014\u2018 auf Anfrage<\/p>\n<p>&nbsp;<\/p>\n<p>&nbsp;<\/p>\n<p>*Fu\u00dfnote: Die <strong>Wanderausstellung<\/strong> wurde an folgenden Orten\u00a0 meist mehrere Wochen lang gezeigt:<\/p>\n<p>2007 <strong>Berlin,<\/strong> Brasilianische Botschaft,\u00a0 Schirmherr: Botschafter Luiz Felipe de\u00a0\u00a0\u00a0\u00a0\u00a0\u00a0\u00a0\u00a0\u00a0\u00a0 \u00a0\u00a0\u00a0\u00a0\u00a0\u00a0\u00a0\u00a0\u00a0\u00a0\u00a0\u00a0Seixas Corr\u00eaa<\/p>\n<p>2007 <strong>Blumenau SC<\/strong> zu den Deutsch-Brasilianischen Wirtschaftstagen (brasilianische Fassung gem. Empfehlung des Gouverneurs von Santa Catarina und des Ministers f\u00fcr Tourismus SC)<\/p>\n<p>2007 <strong>Wernigerode<\/strong>, Zentrum Harzkultur<\/p>\n<p>2007 <strong>Hasselfelde<\/strong>\/Harz, Blumenau-Museum<\/p>\n<p>2007 <strong>Magdeburg,<\/strong> Landesheimatbund Sachsen-Anhalt<\/p>\n<p>2008 <strong>Weingarten<\/strong> (Baden-W\u00fcrttemberg), Schl\u00f6ssle<\/p>\n<p>2008 <strong>Hamburg<\/strong>, Ballinstadt Auswandererwelten<\/p>\n<p>2009 <strong>Dresden<\/strong>, Hellerau<\/p>\n<p>2009 <strong>Torgelow<\/strong> , (Mecklenburg Vorpommern), Rathaus<\/p>\n<p>2009 <strong>Frankfurt am Main<\/strong>, Brasilianisches Generalkonsulat<\/p>\n<p>2009 <strong>Greifswald,<\/strong> Sparkasse Vorpommern<\/p>\n<p>2010 <strong>Wolfsburg<\/strong> (Rathaus)<\/p>\n<p>2011 <strong>Coburg<\/strong>, VR-Bank<\/p>\n<p>2012 <strong>Wernigerode<\/strong>, Historisch-Literarischer Salon<\/p>\n<p>2012 <strong>Rangsdorf<\/strong> , Kulturverein<\/p>\n<p>2013 <strong>Wernigerode<\/strong>, historisch- literarischer Salon \u2013 Kemenate<\/p>\n<p>2014 <strong>Berlin<\/strong>, Brasilianische\u00a0 Botschaft,<\/p>\n<p>2014 <strong>Jena<\/strong>, Friedrich-Schiller- Universit\u00e4t,<\/p>\n<p>2014 <strong>Mainz<\/strong>, Landtag<\/p>\n<p>&nbsp;<\/p>\n<p>&nbsp;<\/p>\n<p>&nbsp;<\/p>\n<p>&nbsp;<\/p>\n<p>&nbsp;<\/p>\n<p>&nbsp;<\/p>\n<p>&nbsp;<\/p>\n<p>&nbsp;<\/p>\n<p>&nbsp;<\/p>\n<p>&nbsp;<\/p>\n<p>&nbsp;<\/p>\n<p>&nbsp;<\/p>\n","protected":false},"excerpt":{"rendered":"<p>Die Blumenau-Gesellschaft gemeinn\u00fctziger eingestragener Verein (e.V.) Gr\u00fcndung: 9. 1992 in Hasselfelde\/Harz (Geburtsort von Hermann Blumenau) als F\u00f6rderverein Blumenau gemeinn\u00fctziger e.V., sp\u00e4ter Blumenau-Gesellschaft gemeinn\u00fctziger e.V. Vorsitzende: Jutta Blumenau-Niesel, Berlin Selbstverst\u00e4ndnis: Informationen zur Geschichte der deutschen Auswanderung nach Brasilien speziell im 19. &hellip; <a href=\"https:\/\/blumenau-gesellschaft.org\/?page_id=39\">Weiterlesen <span class=\"meta-nav\">&rarr;<\/span><\/a><\/p>\n","protected":false},"author":1,"featured_media":0,"parent":0,"menu_order":0,"comment_status":"closed","ping_status":"closed","template":"","meta":{"footnotes":""},"class_list":["post-39","page","type-page","status-publish","hentry"],"_links":{"self":[{"href":"https:\/\/blumenau-gesellschaft.org\/index.php?rest_route=\/wp\/v2\/pages\/39","targetHints":{"allow":["GET"]}}],"collection":[{"href":"https:\/\/blumenau-gesellschaft.org\/index.php?rest_route=\/wp\/v2\/pages"}],"about":[{"href":"https:\/\/blumenau-gesellschaft.org\/index.php?rest_route=\/wp\/v2\/types\/page"}],"author":[{"embeddable":true,"href":"https:\/\/blumenau-gesellschaft.org\/index.php?rest_route=\/wp\/v2\/users\/1"}],"replies":[{"embeddable":true,"href":"https:\/\/blumenau-gesellschaft.org\/index.php?rest_route=%2Fwp%2Fv2%2Fcomments&post=39"}],"version-history":[{"count":11,"href":"https:\/\/blumenau-gesellschaft.org\/index.php?rest_route=\/wp\/v2\/pages\/39\/revisions"}],"predecessor-version":[{"id":146,"href":"https:\/\/blumenau-gesellschaft.org\/index.php?rest_route=\/wp\/v2\/pages\/39\/revisions\/146"}],"wp:attachment":[{"href":"https:\/\/blumenau-gesellschaft.org\/index.php?rest_route=%2Fwp%2Fv2%2Fmedia&parent=39"}],"curies":[{"name":"wp","href":"https:\/\/api.w.org\/{rel}","templated":true}]}}