{"id":36,"date":"2015-10-18T15:10:24","date_gmt":"2015-10-18T15:10:24","guid":{"rendered":"http:\/\/blumenau-gesellschaft.org\/?page_id=36"},"modified":"2016-04-06T17:14:23","modified_gmt":"2016-04-06T17:14:23","slug":"stadt-blumenau","status":"publish","type":"page","link":"https:\/\/blumenau-gesellschaft.org\/?page_id=36","title":{"rendered":"<font color=\"#00961C\">Stadt Blumenau, Santa Catarina<\/font>"},"content":{"rendered":"<p class=\"titel\"><strong>155 Jahre Blumenau &#8211; Santa Catarina<\/strong><\/p>\n<p class=\"autoroben\">Heinz Schr\u00f6n &#8211; Dresden \/ D<\/p>\n<p class=\"text\" style=\"text-align: justify;\">Zum\u00a0<span class=\"fett\">155. Male<\/span>\u00a0j\u00e4hrte sich am 02. September 2005 die\u00a0<span class=\"fett\">Gr\u00fcndung der Kolonie und heutigen Stadt Blumenau<\/span>\u00a0im Bundesstaat Santa Catarina in S\u00fcdbrasilien.<\/p>\n<p class=\"text\" style=\"text-align: justify;\">Die Geschichte begann mit Dr. Hermann Otto Blumenau, geboren in Hasselfelde \/ Harz in Deutschland. Er war Pharmazeut und Chemiker mit abgeschlossenem Philosophiestudium und tr\u00e4umte schon 1850 davon, eine gutgef\u00fcgte Gemeinde inmitten der Natursch\u00f6nheiten entstehen zu sehen.<\/p>\n<p class=\"text\" style=\"text-align: justify;\">Am\u00a0<span class=\"fett\">02. September 1850<\/span>\u00a0landete eine Gruppe von 17 deutschen Einwanderern an der M\u00fcndung des Velha-Flusses, einem Nebenarm des Itaja\u00ed-A\u00e7\u00fa. Diese Pioniere sollten das Land in Besitz nehmen, das die kaiserliche Regierung Dr. Blumenau zugesprochen hatte. Es war der Beginn harter Arbeit, der zu der Entwicklung f\u00fchrte, die wir heute \u00fcberall in der Stadt beobachten k\u00f6nnen.<\/p>\n<p class=\"text\" style=\"text-align: justify;\">In der rauen Wirklichkeit des Urwaldes entstanden H\u00e4user und Schulen. Aus der Heimat hatten die Einwanderer das N\u00f6tige mitgebracht, um mit Ausdauer und Kreativit\u00e4t den Unterricht der Kinder zu garantieren. Musikinstrumente wurden von Hand angefertigt. Die H\u00e4user baute man in einem eigenst\u00e4ndigen Fachwerk und umgab sie mit G\u00e4rten.<\/p>\n<p class=\"text\" style=\"text-align: justify;\">Urspr\u00fcnglich sollte sich die Siedlung mit der Landwirtschaft erhalten. Aber es kamen auch Handwerker und vor allem Weber in die Gemeinde, durch die sich eine neue Entwicklung ergab. Im Jahr 1880 erfolgte die Gr\u00fcndung der\u00a0<span class=\"kursiv\">Trikotagen-Fabrik Gebr. Hering<\/span>\u00a0und damit eines neuen wirtschaftlichen Potentials. Die Entwicklung dieser Fabrik zu einer der gr\u00f6\u00dften Strickwarenindustrien der Welt, der heutigen\u00a0<span class=\"kursiv\">Hering Textil S.A.<\/span>, war u.a. ein Zeichen f\u00fcr die weitere industrielle Entwicklung der Stadt am Itaja\u00ed.<\/p>\n<p class=\"text\" style=\"text-align: justify;\">Der Absatz der hergestellten Waren ermutigte zur Vergr\u00f6\u00dferung des Industrieparkes. Inzwischen stellt man in Blumenau k\u00fcnstlerisch geschliffenes Kristall, musikalisches Spielzeug mit anspruchsvollem Klang und Frottee her, alles Erzeugnisse die den Weltmarkt erobert haben.<\/p>\n<p class=\"text\" style=\"text-align: justify;\">Wohin man auch schaut in Blumenau, man entdeckt interessante Details. Kirchen, H\u00e4user und Parkanlagen spiegeln die \u00fcberkommene Kultur wider. \u00dcberall begegnet man der sprichw\u00f6rtlichen Freundlichkeit der Menschen. Besonders auff\u00e4llig ist die allseits vorherrschende Sauberkeit. Das vielseitige kulturelle Leben der Stadt wird mit Stolz von den Blumenauern gepflegt und erhalten.<\/p>\n<p class=\"text\" style=\"text-align: justify;\">Blumenau ist inzwischen zu einem beliebten Zentrum f\u00fcr Ausstellungen, Kongresse, Tagungen und Seminare aller Art geworden. &#8211; Die gutgef\u00fchrten Hotels mit den eigenen, daf\u00fcr eingerichteten Tagungsr\u00e4umen sind dabei ein wichtiger Faktor.<\/p>\n<p class=\"text\" style=\"text-align: justify;\">Fr\u00f6hlichkeit und Ausgelassenheit verbindet die Touristen mit den heute 320 000 Blumenauern &#8211; besonders w\u00e4hrend des Oktoberfestes, das eines der gr\u00f6\u00dften Volksfeste im Lande ist. &#8211; Die Blumenauer K\u00fcche hat ihren Ursprung in den Rezepten, die Deutsche mitbrachten.<\/p>\n<p class=\"text\" style=\"text-align: justify;\">Auch die anspruchsvollsten Besucher werden von den Unterschieden zwischen Stadtbild und der Landschaft beeindruckt. Warum der Tourismus sich zur drittgr\u00f6\u00dften Einnahmequelle entwickelte, ist leicht zu begreifen.<\/p>\n<p class=\"text\" style=\"text-align: justify;\">Die Besucher empfinden den Zauber der\u00a0<span class=\"fett\">Stadt Blumenau<\/span>. . . die Sch\u00f6nheit der Natur, das vorhandene Industriepotential, die Menschen und die seit Generationen erhaltenen Br\u00e4uche nehmen die Touristen gefangen.<\/p>\n<p>&nbsp;<\/p>\n<p>&nbsp;<\/p>\n<p>&nbsp;<\/p>\n<p><strong>Das Wappen der Stadt Blumenau<\/strong><\/p>\n<p>aus dem Jahr 1937 symbolisiert die Verbindung zwischen deutscher und brasilianischer Kultur. Es soll an das erfolgreiche und freundschaftliche Zusammenwirken beider L\u00e4nder erinnern.<\/p>\n<p><strong><u><a href=\"http:\/\/blumenau-gesellschaft.org\/wp-content\/uploads\/2015\/10\/wappen.png\" rel=\"attachment wp-att-623\"><img loading=\"lazy\" decoding=\"async\" class=\"size-medium wp-image-623 aligncenter\" src=\"http:\/\/blumenau-gesellschaft.org\/wp-content\/uploads\/2015\/10\/wappen-288x300.png\" alt=\"wappen\" width=\"288\" height=\"300\" srcset=\"https:\/\/blumenau-gesellschaft.org\/wp-content\/uploads\/2015\/10\/wappen-288x300.png 288w, https:\/\/blumenau-gesellschaft.org\/wp-content\/uploads\/2015\/10\/wappen.png 743w\" sizes=\"auto, (max-width: 288px) 100vw, 288px\" \/><\/a><\/u><\/strong>Der Schild, gegliedert in drei Bereiche, zeigt in der ersten und dritten Ebene Wappen deutscher St\u00e4dte und L\u00e4nder als Hinweis auf die Herkunft der Siedler.<\/p>\n<p>links oben: \u00a0 \u00a0Braunschweiger L\u00f6we<\/p>\n<p>rechts oben: \u00a0Preu\u00dfenadler, auch Wappen von Tirol<\/p>\n<p>links unten:\u00a0\u00a0 Sachsen<\/p>\n<p>rechts unten: Bayerischer L\u00f6we<\/p>\n<p>&nbsp;<\/p>\n<p>Mitte: \u00a0Insignien des Landes Brasilien<\/p>\n<p>Links: \u00a0Staatswappen<\/p>\n<p>Rechts: Wappen des Bundesstaates Santa Catarina<\/p>\n<p>Mitte: \u00a0die Blumen-Au unter dem Kreuz des S\u00fcdens<\/p>\n<p>&nbsp;<\/p>\n<p>Die Schildhalter<\/p>\n<p>links: \u00a0Dr. Hermann Blumenau<\/p>\n<p>rechts: Siedler<\/p>\n<p>&nbsp;<\/p>\n<p>Das Zahnrad hinter dem Band <em>Pro Sancta Catharina et Brasilia sowie<\/em> im Wappen des Bundesstaates ist W\u00fcrdigung und Ehrung jener, die das Tal des gro\u00dfen Flusses Itaja\u00ed (Munizip Blumenau) schon in den Drei\u00dfigerjahren des zwanzigsten Jahrhunderts zu einem bedeutenden Industriezentrum entwickelt hatten.<\/p>\n<p>&nbsp;<\/p>\n","protected":false},"excerpt":{"rendered":"<p>155 Jahre Blumenau &#8211; Santa Catarina Heinz Schr\u00f6n &#8211; Dresden \/ D Zum\u00a0155. Male\u00a0j\u00e4hrte sich am 02. September 2005 die\u00a0Gr\u00fcndung der Kolonie und heutigen Stadt Blumenau\u00a0im Bundesstaat Santa Catarina in S\u00fcdbrasilien. Die Geschichte begann mit Dr. Hermann Otto Blumenau, geboren &hellip; <a href=\"https:\/\/blumenau-gesellschaft.org\/?page_id=36\">Weiterlesen <span class=\"meta-nav\">&rarr;<\/span><\/a><\/p>\n","protected":false},"author":1,"featured_media":0,"parent":0,"menu_order":0,"comment_status":"closed","ping_status":"closed","template":"","meta":{"footnotes":""},"class_list":["post-36","page","type-page","status-publish","hentry"],"_links":{"self":[{"href":"https:\/\/blumenau-gesellschaft.org\/index.php?rest_route=\/wp\/v2\/pages\/36","targetHints":{"allow":["GET"]}}],"collection":[{"href":"https:\/\/blumenau-gesellschaft.org\/index.php?rest_route=\/wp\/v2\/pages"}],"about":[{"href":"https:\/\/blumenau-gesellschaft.org\/index.php?rest_route=\/wp\/v2\/types\/page"}],"author":[{"embeddable":true,"href":"https:\/\/blumenau-gesellschaft.org\/index.php?rest_route=\/wp\/v2\/users\/1"}],"replies":[{"embeddable":true,"href":"https:\/\/blumenau-gesellschaft.org\/index.php?rest_route=%2Fwp%2Fv2%2Fcomments&post=36"}],"version-history":[{"count":7,"href":"https:\/\/blumenau-gesellschaft.org\/index.php?rest_route=\/wp\/v2\/pages\/36\/revisions"}],"predecessor-version":[{"id":720,"href":"https:\/\/blumenau-gesellschaft.org\/index.php?rest_route=\/wp\/v2\/pages\/36\/revisions\/720"}],"wp:attachment":[{"href":"https:\/\/blumenau-gesellschaft.org\/index.php?rest_route=%2Fwp%2Fv2%2Fmedia&parent=36"}],"curies":[{"name":"wp","href":"https:\/\/api.w.org\/{rel}","templated":true}]}}