{"id":132,"date":"2015-11-12T10:12:45","date_gmt":"2015-11-12T10:12:45","guid":{"rendered":"http:\/\/blumenau-gesellschaft.org\/?page_id=132"},"modified":"2016-04-28T13:24:50","modified_gmt":"2016-04-28T13:24:50","slug":"blumenau-museum-hasselfeldeharz","status":"publish","type":"page","link":"https:\/\/blumenau-gesellschaft.org\/?page_id=132","title":{"rendered":"Blumenau-Museum Hasselfelde\/Harz"},"content":{"rendered":"<p><strong>Under Construction<\/strong> &#8211; Die Seite wird bearbeitet, sowie das neue Faltblatt verf\u00fcgbar ist.<\/p>\n<p>&nbsp;<\/p>\n<p>Hier das bisherige Faltblatt, das aus Sparsamkeitsgr\u00fcnden einfarbig gestaltet werden mu\u00dfte.<\/p>\n<p>&nbsp;<\/p>\n<p>&nbsp;<\/p>\n<p><a href=\"http:\/\/blumenau-gesellschaft.org\/wp-content\/uploads\/2015\/11\/Faltbl.-1.jpg\" rel=\"attachment wp-att-242\"><img loading=\"lazy\" decoding=\"async\" class=\"alignnone size-medium wp-image-242\" src=\"http:\/\/blumenau-gesellschaft.org\/wp-content\/uploads\/2015\/11\/Faltbl.-1-142x300.jpg\" alt=\"Faltbl. 1\" width=\"142\" height=\"300\" srcset=\"https:\/\/blumenau-gesellschaft.org\/wp-content\/uploads\/2015\/11\/Faltbl.-1-142x300.jpg 142w, https:\/\/blumenau-gesellschaft.org\/wp-content\/uploads\/2015\/11\/Faltbl.-1-484x1024.jpg 484w, https:\/\/blumenau-gesellschaft.org\/wp-content\/uploads\/2015\/11\/Faltbl.-1.jpg 581w\" sizes=\"auto, (max-width: 142px) 100vw, 142px\" \/><\/a> <a href=\"http:\/\/blumenau-gesellschaft.org\/wp-content\/uploads\/2015\/11\/Faltbl.-2.jpg\" rel=\"attachment wp-att-243\"><img loading=\"lazy\" decoding=\"async\" class=\"alignnone size-medium wp-image-243\" src=\"http:\/\/blumenau-gesellschaft.org\/wp-content\/uploads\/2015\/11\/Faltbl.-2-139x300.jpg\" alt=\"Faltbl. 2\" width=\"139\" height=\"300\" srcset=\"https:\/\/blumenau-gesellschaft.org\/wp-content\/uploads\/2015\/11\/Faltbl.-2-139x300.jpg 139w, https:\/\/blumenau-gesellschaft.org\/wp-content\/uploads\/2015\/11\/Faltbl.-2-475x1024.jpg 475w, https:\/\/blumenau-gesellschaft.org\/wp-content\/uploads\/2015\/11\/Faltbl.-2.jpg 573w\" sizes=\"auto, (max-width: 139px) 100vw, 139px\" \/><\/a> <a href=\"http:\/\/blumenau-gesellschaft.org\/wp-content\/uploads\/2015\/11\/Faltbl.-3.jpg\" rel=\"attachment wp-att-244\"><img loading=\"lazy\" decoding=\"async\" class=\"alignnone size-medium wp-image-244\" src=\"http:\/\/blumenau-gesellschaft.org\/wp-content\/uploads\/2015\/11\/Faltbl.-3-282x300.jpg\" alt=\"Faltbl. 3\" width=\"282\" height=\"300\" srcset=\"https:\/\/blumenau-gesellschaft.org\/wp-content\/uploads\/2015\/11\/Faltbl.-3-282x300.jpg 282w, https:\/\/blumenau-gesellschaft.org\/wp-content\/uploads\/2015\/11\/Faltbl.-3-768x816.jpg 768w, https:\/\/blumenau-gesellschaft.org\/wp-content\/uploads\/2015\/11\/Faltbl.-3-964x1024.jpg 964w, https:\/\/blumenau-gesellschaft.org\/wp-content\/uploads\/2015\/11\/Faltbl.-3.jpg 1146w\" sizes=\"auto, (max-width: 282px) 100vw, 282px\" \/><\/a> <a href=\"http:\/\/blumenau-gesellschaft.org\/wp-content\/uploads\/2015\/11\/Faltbl.-4.jpg\" rel=\"attachment wp-att-245\"><img loading=\"lazy\" decoding=\"async\" class=\"alignnone size-medium wp-image-245\" src=\"http:\/\/blumenau-gesellschaft.org\/wp-content\/uploads\/2015\/11\/Faltbl.-4-139x300.jpg\" alt=\"Faltbl. 4\" width=\"139\" height=\"300\" srcset=\"https:\/\/blumenau-gesellschaft.org\/wp-content\/uploads\/2015\/11\/Faltbl.-4-139x300.jpg 139w, https:\/\/blumenau-gesellschaft.org\/wp-content\/uploads\/2015\/11\/Faltbl.-4-476x1024.jpg 476w, https:\/\/blumenau-gesellschaft.org\/wp-content\/uploads\/2015\/11\/Faltbl.-4.jpg 573w\" sizes=\"auto, (max-width: 139px) 100vw, 139px\" \/><\/a> <a href=\"http:\/\/blumenau-gesellschaft.org\/wp-content\/uploads\/2015\/11\/Faltbl.-5.jpg\" rel=\"attachment wp-att-246\"><img loading=\"lazy\" decoding=\"async\" class=\"alignnone size-medium wp-image-246\" src=\"http:\/\/blumenau-gesellschaft.org\/wp-content\/uploads\/2015\/11\/Faltbl.-5-142x300.jpg\" alt=\"Faltbl. 5\" width=\"142\" height=\"300\" srcset=\"https:\/\/blumenau-gesellschaft.org\/wp-content\/uploads\/2015\/11\/Faltbl.-5-142x300.jpg 142w, https:\/\/blumenau-gesellschaft.org\/wp-content\/uploads\/2015\/11\/Faltbl.-5-485x1024.jpg 485w, https:\/\/blumenau-gesellschaft.org\/wp-content\/uploads\/2015\/11\/Faltbl.-5.jpg 583w\" sizes=\"auto, (max-width: 142px) 100vw, 142px\" \/><\/a><\/p>\n<p>&nbsp;<\/p>\n<p><strong>F\u00fchrung nach telefonischer Absprache m\u00f6glich!<\/strong><\/p>\n<p><em>Blumenau-Museum<\/em><\/p>\n<p>im Haus der Tourist Information<br \/>\nBreite Stra\u00dfe 17<br \/>\n38899 Hasselfelde \/ Harz<br \/>\nTel.: 03 94 59 \/ 7 13 69<br \/>\nFax : 03 94 59 \/ 7 60 55<\/p>\n","protected":false},"excerpt":{"rendered":"<p>Under Construction &#8211; Die Seite wird bearbeitet, sowie das neue Faltblatt verf\u00fcgbar ist. &nbsp; Hier das bisherige Faltblatt, das aus Sparsamkeitsgr\u00fcnden einfarbig gestaltet werden mu\u00dfte. &nbsp; &nbsp; &nbsp; F\u00fchrung nach telefonischer Absprache m\u00f6glich! Blumenau-Museum im Haus der Tourist Information Breite &hellip; <a href=\"https:\/\/blumenau-gesellschaft.org\/?page_id=132\">Weiterlesen <span class=\"meta-nav\">&rarr;<\/span><\/a><\/p>\n","protected":false},"author":1,"featured_media":0,"parent":0,"menu_order":0,"comment_status":"closed","ping_status":"closed","template":"","meta":{"footnotes":""},"class_list":["post-132","page","type-page","status-publish","hentry"],"_links":{"self":[{"href":"https:\/\/blumenau-gesellschaft.org\/index.php?rest_route=\/wp\/v2\/pages\/132","targetHints":{"allow":["GET"]}}],"collection":[{"href":"https:\/\/blumenau-gesellschaft.org\/index.php?rest_route=\/wp\/v2\/pages"}],"about":[{"href":"https:\/\/blumenau-gesellschaft.org\/index.php?rest_route=\/wp\/v2\/types\/page"}],"author":[{"embeddable":true,"href":"https:\/\/blumenau-gesellschaft.org\/index.php?rest_route=\/wp\/v2\/users\/1"}],"replies":[{"embeddable":true,"href":"https:\/\/blumenau-gesellschaft.org\/index.php?rest_route=%2Fwp%2Fv2%2Fcomments&post=132"}],"version-history":[{"count":7,"href":"https:\/\/blumenau-gesellschaft.org\/index.php?rest_route=\/wp\/v2\/pages\/132\/revisions"}],"predecessor-version":[{"id":1001,"href":"https:\/\/blumenau-gesellschaft.org\/index.php?rest_route=\/wp\/v2\/pages\/132\/revisions\/1001"}],"wp:attachment":[{"href":"https:\/\/blumenau-gesellschaft.org\/index.php?rest_route=%2Fwp%2Fv2%2Fmedia&parent=132"}],"curies":[{"name":"wp","href":"https:\/\/api.w.org\/{rel}","templated":true}]}}